{"id":85,"date":"2014-10-25T19:09:55","date_gmt":"2014-10-25T17:09:55","guid":{"rendered":"http:\/\/www.ristorantetemplari.net\/it\/?page_id=85"},"modified":"2015-04-01T10:49:34","modified_gmt":"2015-04-01T08:49:34","slug":"menu","status":"publish","type":"page","link":"http:\/\/www.ristorantetemplari.net\/it\/menu\/","title":{"rendered":"Men\u00f9"},"content":{"rendered":"<p><img loading=\"lazy\" decoding=\"async\" class=\"alignright wp-image-200\" src=\"http:\/\/www.ristorantetemplari.net\/it\/wp-content\/uploads\/2014\/10\/DSC_5581-198x300.jpg\" alt=\"DSC_5581\" width=\"215\" height=\"326\" style=\"border-radius: 10px;\" srcset=\"http:\/\/www.ristorantetemplari.net\/it\/wp-content\/uploads\/2014\/10\/DSC_5581-198x300.jpg 198w, http:\/\/www.ristorantetemplari.net\/it\/wp-content\/uploads\/2014\/10\/DSC_5581-678x1024.jpg 678w, http:\/\/www.ristorantetemplari.net\/it\/wp-content\/uploads\/2014\/10\/DSC_5581-662x1000.jpg 662w\" sizes=\"auto, (max-width: 215px) 100vw, 215px\" \/> <img loading=\"lazy\" decoding=\"async\" class=\"wp-image-213 alignleft\" src=\"http:\/\/www.ristorantetemplari.net\/it\/wp-content\/uploads\/2014\/10\/DSC_5580-678x1024.jpg\" alt=\"DSC_5580\" width=\"215\" height=\"325\" style=\"border-radius: 10px;\" srcset=\"http:\/\/www.ristorantetemplari.net\/it\/wp-content\/uploads\/2014\/10\/DSC_5580-678x1024.jpg 678w, http:\/\/www.ristorantetemplari.net\/it\/wp-content\/uploads\/2014\/10\/DSC_5580-198x300.jpg 198w, http:\/\/www.ristorantetemplari.net\/it\/wp-content\/uploads\/2014\/10\/DSC_5580-600x905.jpg 600w, http:\/\/www.ristorantetemplari.net\/it\/wp-content\/uploads\/2014\/10\/DSC_5580-662x1000.jpg 662w\" sizes=\"auto, (max-width: 215px) 100vw, 215px\" \/>Protagonista del men\u00f9 sono gli antipasti, reinterpretati in chiave moderna nelle pi\u00f9 succulenti pietanze, non dimenticando la tradizione.<\/p>\n<p>Lo chef propone dei particolari primi piatti costituiti principalmente da pasta fresca fatta a mano, utilizzando rigorosamente materie prime stagionali, il tutto \u00e8 caratterizzato da cucina espressa che permette di soddisfare le esigenze pi\u00f9 personali.<\/p>\n<p>Differenti interpretazioni della cucina tradizionale, mettono in relazione ottimi tagli di carne frollata in loco, genuine verdure e composizioni di piatti originali accompagnati da vini ricercati e particolari.<\/p>\n<p>I dessert sono fatti tutti rigorosamente in casa utilizzando ingredienti di prima scelta.<\/p>\n<div><\/div>\n","protected":false},"excerpt":{"rendered":"<p>Protagonista del men\u00f9 sono gli antipasti, reinterpretati in chiave moderna nelle pi\u00f9 succulenti pietanze, non dimenticando la tradizione. Lo chef propone dei particolari primi piatti costituiti principalmente da pasta fresca fatta a mano, utilizzando rigorosamente materie prime stagionali, il tutto \u00e8 caratterizzato da cucina espressa che permette di soddisfare le esigenze pi\u00f9 personali. Differenti interpretazioni [&hellip;]<\/p>\n","protected":false},"author":1,"featured_media":190,"parent":0,"menu_order":0,"comment_status":"open","ping_status":"open","template":"","meta":{"footnotes":""},"class_list":["post-85","page","type-page","status-publish","has-post-thumbnail","hentry"],"yoast_head":"<!-- This site is optimized with the Yoast SEO plugin v27.2 - https:\/\/yoast.com\/product\/yoast-seo-wordpress\/ -->\n<title>Men\u00f9 - I Templari<\/title>\n<meta name=\"robots\" content=\"index, follow, max-snippet:-1, max-image-preview:large, max-video-preview:-1\" \/>\n<link rel=\"canonical\" href=\"http:\/\/www.ristorantetemplari.net\/it\/menu\/\" \/>\n<meta property=\"og:locale\" content=\"it_IT\" \/>\n<meta property=\"og:type\" content=\"article\" \/>\n<meta property=\"og:title\" content=\"Men\u00f9 - I Templari\" \/>\n<meta property=\"og:description\" content=\"Protagonista del men\u00f9 sono gli antipasti, reinterpretati in chiave moderna nelle pi\u00f9 succulenti pietanze, non dimenticando la tradizione. Lo chef propone dei particolari primi piatti costituiti principalmente da pasta fresca fatta a mano, utilizzando rigorosamente materie prime stagionali, il tutto \u00e8 caratterizzato da cucina espressa che permette di soddisfare le esigenze pi\u00f9 personali. Differenti interpretazioni [&hellip;]\" \/>\n<meta property=\"og:url\" content=\"http:\/\/www.ristorantetemplari.net\/it\/menu\/\" \/>\n<meta property=\"og:site_name\" content=\"I Templari\" \/>\n<meta property=\"article:modified_time\" content=\"2015-04-01T08:49:34+00:00\" \/>\n<meta property=\"og:image\" content=\"http:\/\/www.ristorantetemplari.net\/it\/wp-content\/uploads\/2014\/10\/DSC_5555.jpg\" \/>\n\t<meta property=\"og:image:width\" content=\"3928\" \/>\n\t<meta property=\"og:image:height\" content=\"2602\" \/>\n\t<meta property=\"og:image:type\" content=\"image\/jpeg\" \/>\n<script type=\"application\/ld+json\" class=\"yoast-schema-graph\">{\"@context\":\"https:\/\/schema.org\",\"@graph\":[{\"@type\":\"WebPage\",\"@id\":\"http:\/\/www.ristorantetemplari.net\/it\/menu\/\",\"url\":\"http:\/\/www.ristorantetemplari.net\/it\/menu\/\",\"name\":\"Men\u00f9 - I Templari\",\"isPartOf\":{\"@id\":\"http:\/\/www.ristorantetemplari.net\/it\/#website\"},\"primaryImageOfPage\":{\"@id\":\"http:\/\/www.ristorantetemplari.net\/it\/menu\/#primaryimage\"},\"image\":{\"@id\":\"http:\/\/www.ristorantetemplari.net\/it\/menu\/#primaryimage\"},\"thumbnailUrl\":\"http:\/\/www.ristorantetemplari.net\/it\/wp-content\/uploads\/2014\/10\/DSC_5555.jpg\",\"datePublished\":\"2014-10-25T17:09:55+00:00\",\"dateModified\":\"2015-04-01T08:49:34+00:00\",\"breadcrumb\":{\"@id\":\"http:\/\/www.ristorantetemplari.net\/it\/menu\/#breadcrumb\"},\"inLanguage\":\"it-IT\",\"potentialAction\":[{\"@type\":\"ReadAction\",\"target\":[\"http:\/\/www.ristorantetemplari.net\/it\/menu\/\"]}]},{\"@type\":\"ImageObject\",\"inLanguage\":\"it-IT\",\"@id\":\"http:\/\/www.ristorantetemplari.net\/it\/menu\/#primaryimage\",\"url\":\"http:\/\/www.ristorantetemplari.net\/it\/wp-content\/uploads\/2014\/10\/DSC_5555.jpg\",\"contentUrl\":\"http:\/\/www.ristorantetemplari.net\/it\/wp-content\/uploads\/2014\/10\/DSC_5555.jpg\",\"width\":3928,\"height\":2602},{\"@type\":\"BreadcrumbList\",\"@id\":\"http:\/\/www.ristorantetemplari.net\/it\/menu\/#breadcrumb\",\"itemListElement\":[{\"@type\":\"ListItem\",\"position\":1,\"name\":\"Home\",\"item\":\"http:\/\/www.ristorantetemplari.net\/it\/\"},{\"@type\":\"ListItem\",\"position\":2,\"name\":\"Men\u00f9\"}]},{\"@type\":\"WebSite\",\"@id\":\"http:\/\/www.ristorantetemplari.net\/it\/#website\",\"url\":\"http:\/\/www.ristorantetemplari.net\/it\/\",\"name\":\"I Templari\",\"description\":\"L&#039;arte del cibo\",\"potentialAction\":[{\"@type\":\"SearchAction\",\"target\":{\"@type\":\"EntryPoint\",\"urlTemplate\":\"http:\/\/www.ristorantetemplari.net\/it\/?s={search_term_string}\"},\"query-input\":{\"@type\":\"PropertyValueSpecification\",\"valueRequired\":true,\"valueName\":\"search_term_string\"}}],\"inLanguage\":\"it-IT\"}]}<\/script>\n<!-- \/ Yoast SEO plugin. -->","yoast_head_json":{"title":"Men\u00f9 - I Templari","robots":{"index":"index","follow":"follow","max-snippet":"max-snippet:-1","max-image-preview":"max-image-preview:large","max-video-preview":"max-video-preview:-1"},"canonical":"http:\/\/www.ristorantetemplari.net\/it\/menu\/","og_locale":"it_IT","og_type":"article","og_title":"Men\u00f9 - I Templari","og_description":"Protagonista del men\u00f9 sono gli antipasti, reinterpretati in chiave moderna nelle pi\u00f9 succulenti pietanze, non dimenticando la tradizione. Lo chef propone dei particolari primi piatti costituiti principalmente da pasta fresca fatta a mano, utilizzando rigorosamente materie prime stagionali, il tutto \u00e8 caratterizzato da cucina espressa che permette di soddisfare le esigenze pi\u00f9 personali. Differenti interpretazioni [&hellip;]","og_url":"http:\/\/www.ristorantetemplari.net\/it\/menu\/","og_site_name":"I Templari","article_modified_time":"2015-04-01T08:49:34+00:00","og_image":[{"width":3928,"height":2602,"url":"http:\/\/www.ristorantetemplari.net\/it\/wp-content\/uploads\/2014\/10\/DSC_5555.jpg","type":"image\/jpeg"}],"schema":{"@context":"https:\/\/schema.org","@graph":[{"@type":"WebPage","@id":"http:\/\/www.ristorantetemplari.net\/it\/menu\/","url":"http:\/\/www.ristorantetemplari.net\/it\/menu\/","name":"Men\u00f9 - I Templari","isPartOf":{"@id":"http:\/\/www.ristorantetemplari.net\/it\/#website"},"primaryImageOfPage":{"@id":"http:\/\/www.ristorantetemplari.net\/it\/menu\/#primaryimage"},"image":{"@id":"http:\/\/www.ristorantetemplari.net\/it\/menu\/#primaryimage"},"thumbnailUrl":"http:\/\/www.ristorantetemplari.net\/it\/wp-content\/uploads\/2014\/10\/DSC_5555.jpg","datePublished":"2014-10-25T17:09:55+00:00","dateModified":"2015-04-01T08:49:34+00:00","breadcrumb":{"@id":"http:\/\/www.ristorantetemplari.net\/it\/menu\/#breadcrumb"},"inLanguage":"it-IT","potentialAction":[{"@type":"ReadAction","target":["http:\/\/www.ristorantetemplari.net\/it\/menu\/"]}]},{"@type":"ImageObject","inLanguage":"it-IT","@id":"http:\/\/www.ristorantetemplari.net\/it\/menu\/#primaryimage","url":"http:\/\/www.ristorantetemplari.net\/it\/wp-content\/uploads\/2014\/10\/DSC_5555.jpg","contentUrl":"http:\/\/www.ristorantetemplari.net\/it\/wp-content\/uploads\/2014\/10\/DSC_5555.jpg","width":3928,"height":2602},{"@type":"BreadcrumbList","@id":"http:\/\/www.ristorantetemplari.net\/it\/menu\/#breadcrumb","itemListElement":[{"@type":"ListItem","position":1,"name":"Home","item":"http:\/\/www.ristorantetemplari.net\/it\/"},{"@type":"ListItem","position":2,"name":"Men\u00f9"}]},{"@type":"WebSite","@id":"http:\/\/www.ristorantetemplari.net\/it\/#website","url":"http:\/\/www.ristorantetemplari.net\/it\/","name":"I Templari","description":"L&#039;arte del cibo","potentialAction":[{"@type":"SearchAction","target":{"@type":"EntryPoint","urlTemplate":"http:\/\/www.ristorantetemplari.net\/it\/?s={search_term_string}"},"query-input":{"@type":"PropertyValueSpecification","valueRequired":true,"valueName":"search_term_string"}}],"inLanguage":"it-IT"}]}},"_links":{"self":[{"href":"http:\/\/www.ristorantetemplari.net\/it\/wp-json\/wp\/v2\/pages\/85","targetHints":{"allow":["GET"]}}],"collection":[{"href":"http:\/\/www.ristorantetemplari.net\/it\/wp-json\/wp\/v2\/pages"}],"about":[{"href":"http:\/\/www.ristorantetemplari.net\/it\/wp-json\/wp\/v2\/types\/page"}],"author":[{"embeddable":true,"href":"http:\/\/www.ristorantetemplari.net\/it\/wp-json\/wp\/v2\/users\/1"}],"replies":[{"embeddable":true,"href":"http:\/\/www.ristorantetemplari.net\/it\/wp-json\/wp\/v2\/comments?post=85"}],"version-history":[{"count":17,"href":"http:\/\/www.ristorantetemplari.net\/it\/wp-json\/wp\/v2\/pages\/85\/revisions"}],"predecessor-version":[{"id":216,"href":"http:\/\/www.ristorantetemplari.net\/it\/wp-json\/wp\/v2\/pages\/85\/revisions\/216"}],"wp:featuredmedia":[{"embeddable":true,"href":"http:\/\/www.ristorantetemplari.net\/it\/wp-json\/wp\/v2\/media\/190"}],"wp:attachment":[{"href":"http:\/\/www.ristorantetemplari.net\/it\/wp-json\/wp\/v2\/media?parent=85"}],"curies":[{"name":"wp","href":"https:\/\/api.w.org\/{rel}","templated":true}]}}