{"id":104,"date":"2014-10-27T15:29:27","date_gmt":"2014-10-27T14:29:27","guid":{"rendered":"http:\/\/www.ristorantetemplari.net\/it\/?page_id=104"},"modified":"2021-10-04T19:00:46","modified_gmt":"2021-10-04T17:00:46","slug":"termini-e-condizioni","status":"publish","type":"page","link":"http:\/\/www.ristorantetemplari.net\/it\/termini-e-condizioni\/","title":{"rendered":"Termini e Condizioni"},"content":{"rendered":"<h1 class=\"title\">TERMINI E CONDIZIONI DI VENDITA<\/h1>\n<h2>1. CAMPO D&#8217;APPLICAZIONE<\/h2>\n<p>Le presenti condizioni generali di vendita sono applicabili a tutte le vendite dei prodotti concluse a distanza attraverso il sito internet http:\/\/www.ristorantetemplari.net. Le presenti condizioni generali di vendita a distanza devono essere accuratamente esaminate dal Cliente prima del completamento della procedura di acquisto a distanza del prodotto. Resta inteso che l&#8217;effettuazione dell&#8217;ordine di acquisto attraverso questo sito internet implica totale e assoluta conoscenza delle presenti condizioni generali di vendita e loro integrale accettazione: il Cliente, con l&#8217;effettuazione dell&#8217;ordine d&#8217;acquisto attraverso il sito internet http:\/\/www.ristorantetemplari.net, accetta incondizionatamente e si obbliga ad osservare le presenti condizioni generali di vendita, nonch\u00e9 le condizioni di pagamento di seguito illustrate, dichiarando di aver preso visione ed accettato tutte le indicazioni a lui fornite. Le presenti condizioni generali di vendita sono da considerare applicabili ed in vigore fintantoch\u00e9 le stesse risultino pubblicate sul presente sito internet. L&#8217;eventuale modifica delle condizioni generali di vendita in oggetto, verr\u00e0 pubblicata sul sito e le nuove condizioni generali di vendita saranno applicabili esclusivamente agli ordini effettuati a partire dal giorno della loro pubblicazione.<\/p>\n<h2>2. IDENTIFICAZIONE DEL VENDITORE E DEL TITOLARE DEL SITO<\/h2>\n<p>Ristorante I Templari, Vico 1\u00b0 Bellini 7, 74015 Martina Franca (TA).<\/p>\n<h2>3. INFORMAZIONI RELATIVE AL PRODOTTO<\/h2>\n<p>Le informazioni relative ai prodotti suscettibili di vendita a distanza attraverso il presente sito internet sono fornite in conformit\u00e0 alle leggi in vigore e, in particolare, agli articoli 52 e 53 del Codice del Consumo (D. Lgs. 6 settembre 2005 n. 206).<\/p>\n<h2>4. MODALIT\u00c0 DI PERFEZIONAMENTO DEL CONTRATTO<\/h2>\n<p>Le presenti informazioni ed i dettagli contenuti in questo sito web costituiscono un&#8217;offerta di vendita fatta dal Ristorante I Templari\u00a0ad i suoi clienti web. Tali condizioni sono strettamente riservate all&#8217;acquisto nelle modalit\u00e0 e nelle condizioni previste sul web e non potranno essere applicate ad acquisti presso la struttura.<\/p>\n<h2>5. PREZZO DEL PRODOTTO<\/h2>\n<p>I prezzi del sito web sono comprensivi di IVA. In conformit\u00e0 a quanto disposto all&#8217;art. 53 del Codice del Consumo, il Cliente riceve, al momento dell&#8217;acquisto, avviso di pagamento da Paypal.<\/p>\n<h2>6. METODI DI PAGAMENTO<\/h2>\n<p>Il pagamento da parte del Cliente pu\u00f2 essere effettuato esclusivamente mediante Paypal. Il pagamento a il Ristorante I Templari\u00a0viene effettuato all&#8217;account certificato Paypal facente capo all&#8217;indirizzo info@ristorantetemplari.net.<\/p>\n<h2>7. CONSEGNA<\/h2>\n<p>Al momento dell&#8217;acquisto l&#8217;utente ricever\u00e0 una attestazione di pagamento (voucher) con un numero di transazione univoco. Presentandosi con tale attestazione presso il Ristorante I Templari, l&#8217;utente potr\u00e0 usufruire dell&#8217;offerta acquistata, senza ulteriori spese e alle condizioni riportate nell&#8217;offerta.<\/p>\n<h2>8. RESTITUZIONE E DIRITTO DI RECESSO<\/h2>\n<h3>DIRITTO DI RECESSO E RESTITUZIONE DEI PRODOTTI<\/h3>\n<p>Il Cliente pu\u00f2 esercitare il diritto di recesso previsto dall&#8217;art. 64 del Codice del Consumo. E&#8217; nell&#8217;interesse di Ristorante I Templari\u00a0che il Cliente possa esercitare tale diritto di recesso nelle migliori condizioni possibili. Il Cliente pu\u00f2 esercitare il diritto di recesso entro i 10 giorni successivi alla data di acquisto. Il diritto di recesso pu\u00f2 essere esercitato con riferimento a determinati prodotti e servizi indicati all&#8217;art. 55, D. Lgs. n. 206\/2005 (Codice del Consumo).<\/p>\n<h2>9. RECLAMI &#8211; COMUNICAZIONI &#8211; INFORMAZIONI<\/h2>\n<p>Per qualsiasi informazione o reclamo, o per qualsiasi comunicazione relativa alle condizioni generali di vendita per corrispondenza, agli ordini e\/o ai prodotti, il Cliente pu\u00f2 contattare il Ristorante I Templari per mezzo mail a ristoranteitemplari@live.it oppure al numero 0809673070.<\/p>\n<h2>10. LIMITAZIONE DI RESPONSABILIT\u00c0<\/h2>\n<p>L&#8217;esecuzione delle prestazioni da parte di Ristorante I Templari pu\u00f2 essere sospesa in caso di sopravvenienza di un caso fortuito o di forza maggiore che ne impedisca o ne ritardi l&#8217;esecuzione. Sono considerati come tali, a titolo esemplificativo e non esaustivo, gli scioperi. Ristorante I Templari informer\u00e0 il Cliente del verificarsi del caso fortuito o di forza maggiore nel termine di 7 giorni dal verificarsi dello stesso. Nel caso in cui la sospensione della prestazione dovesse prolungarsi per un termine superiore a 15 giorni, il Cliente avr\u00e0 la possibilit\u00e0 di annullare l&#8217;ordine effettuato e verr\u00e0 rimborsato degli importi gi\u00e0 pagati.<\/p>\n<h2>11. LEGGE APPLICABILE E FORO COMPETENTE<\/h2>\n<p>Le presenti condizioni generali di vendita sono regolate dalla legge Italiana. In caso di controversie derivanti dall&#8217;interpretazione, validit\u00e0 e\/o esecuzione delle presenti condizioni generali di vendita, il Cliente ha la facolt\u00e0 di tutelare i propri interessi attraverso una associazione dei consumatori nelle forme dell&#8217;art. 140 del Codice del Consumo, o avviare una procedura di composizione extragiudiziale per la risoluzione delle controversie in materia di consumo ai sensi dell&#8217;art. 141 del Codice del Consumo. E&#8217; fatta comunque salva per il Cliente la facolt\u00e0 di adire le vie ordinarie per la soluzione delle controversie derivanti dall&#8217;interpretazione, validit\u00e0 e\/o esecuzione delle presenti condizioni generali di vendita e in questo caso la competenza territoriale sar\u00e0 quella del giudice di Martina Franca.<\/p>\n","protected":false},"excerpt":{"rendered":"<p>TERMINI E CONDIZIONI DI VENDITA 1. CAMPO D&#8217;APPLICAZIONE Le presenti condizioni generali di vendita sono applicabili a tutte le vendite dei prodotti concluse a distanza attraverso il sito internet http:\/\/www.ristorantetemplari.net. Le presenti condizioni generali di vendita a distanza devono essere accuratamente esaminate dal Cliente prima del completamento della procedura di acquisto a distanza del prodotto. [&hellip;]<\/p>\n","protected":false},"author":1,"featured_media":0,"parent":0,"menu_order":0,"comment_status":"open","ping_status":"open","template":"","meta":{"footnotes":""},"class_list":["post-104","page","type-page","status-publish","hentry"],"yoast_head":"<!-- This site is optimized with the Yoast SEO plugin v27.2 - https:\/\/yoast.com\/product\/yoast-seo-wordpress\/ -->\n<title>Termini e Condizioni - I Templari<\/title>\n<meta name=\"robots\" content=\"index, follow, max-snippet:-1, max-image-preview:large, max-video-preview:-1\" \/>\n<link rel=\"canonical\" href=\"http:\/\/www.ristorantetemplari.net\/it\/termini-e-condizioni\/\" \/>\n<meta property=\"og:locale\" content=\"it_IT\" \/>\n<meta property=\"og:type\" content=\"article\" \/>\n<meta property=\"og:title\" content=\"Termini e Condizioni - I Templari\" \/>\n<meta property=\"og:description\" content=\"TERMINI E CONDIZIONI DI VENDITA 1. CAMPO D&#8217;APPLICAZIONE Le presenti condizioni generali di vendita sono applicabili a tutte le vendite dei prodotti concluse a distanza attraverso il sito internet http:\/\/www.ristorantetemplari.net. Le presenti condizioni generali di vendita a distanza devono essere accuratamente esaminate dal Cliente prima del completamento della procedura di acquisto a distanza del prodotto. [&hellip;]\" \/>\n<meta property=\"og:url\" content=\"http:\/\/www.ristorantetemplari.net\/it\/termini-e-condizioni\/\" \/>\n<meta property=\"og:site_name\" content=\"I Templari\" \/>\n<meta property=\"article:modified_time\" content=\"2021-10-04T17:00:46+00:00\" \/>\n<meta name=\"twitter:label1\" content=\"Tempo di lettura stimato\" \/>\n\t<meta name=\"twitter:data1\" content=\"4 minuti\" \/>\n<script type=\"application\/ld+json\" class=\"yoast-schema-graph\">{\"@context\":\"https:\/\/schema.org\",\"@graph\":[{\"@type\":\"WebPage\",\"@id\":\"http:\/\/www.ristorantetemplari.net\/it\/termini-e-condizioni\/\",\"url\":\"http:\/\/www.ristorantetemplari.net\/it\/termini-e-condizioni\/\",\"name\":\"Termini e Condizioni - I Templari\",\"isPartOf\":{\"@id\":\"http:\/\/www.ristorantetemplari.net\/it\/#website\"},\"datePublished\":\"2014-10-27T14:29:27+00:00\",\"dateModified\":\"2021-10-04T17:00:46+00:00\",\"breadcrumb\":{\"@id\":\"http:\/\/www.ristorantetemplari.net\/it\/termini-e-condizioni\/#breadcrumb\"},\"inLanguage\":\"it-IT\",\"potentialAction\":[{\"@type\":\"ReadAction\",\"target\":[\"http:\/\/www.ristorantetemplari.net\/it\/termini-e-condizioni\/\"]}]},{\"@type\":\"BreadcrumbList\",\"@id\":\"http:\/\/www.ristorantetemplari.net\/it\/termini-e-condizioni\/#breadcrumb\",\"itemListElement\":[{\"@type\":\"ListItem\",\"position\":1,\"name\":\"Home\",\"item\":\"http:\/\/www.ristorantetemplari.net\/it\/\"},{\"@type\":\"ListItem\",\"position\":2,\"name\":\"Termini e Condizioni\"}]},{\"@type\":\"WebSite\",\"@id\":\"http:\/\/www.ristorantetemplari.net\/it\/#website\",\"url\":\"http:\/\/www.ristorantetemplari.net\/it\/\",\"name\":\"I Templari\",\"description\":\"L&#039;arte del cibo\",\"potentialAction\":[{\"@type\":\"SearchAction\",\"target\":{\"@type\":\"EntryPoint\",\"urlTemplate\":\"http:\/\/www.ristorantetemplari.net\/it\/?s={search_term_string}\"},\"query-input\":{\"@type\":\"PropertyValueSpecification\",\"valueRequired\":true,\"valueName\":\"search_term_string\"}}],\"inLanguage\":\"it-IT\"}]}<\/script>\n<!-- \/ Yoast SEO plugin. -->","yoast_head_json":{"title":"Termini e Condizioni - I Templari","robots":{"index":"index","follow":"follow","max-snippet":"max-snippet:-1","max-image-preview":"max-image-preview:large","max-video-preview":"max-video-preview:-1"},"canonical":"http:\/\/www.ristorantetemplari.net\/it\/termini-e-condizioni\/","og_locale":"it_IT","og_type":"article","og_title":"Termini e Condizioni - I Templari","og_description":"TERMINI E CONDIZIONI DI VENDITA 1. CAMPO D&#8217;APPLICAZIONE Le presenti condizioni generali di vendita sono applicabili a tutte le vendite dei prodotti concluse a distanza attraverso il sito internet http:\/\/www.ristorantetemplari.net. Le presenti condizioni generali di vendita a distanza devono essere accuratamente esaminate dal Cliente prima del completamento della procedura di acquisto a distanza del prodotto. [&hellip;]","og_url":"http:\/\/www.ristorantetemplari.net\/it\/termini-e-condizioni\/","og_site_name":"I Templari","article_modified_time":"2021-10-04T17:00:46+00:00","twitter_misc":{"Tempo di lettura stimato":"4 minuti"},"schema":{"@context":"https:\/\/schema.org","@graph":[{"@type":"WebPage","@id":"http:\/\/www.ristorantetemplari.net\/it\/termini-e-condizioni\/","url":"http:\/\/www.ristorantetemplari.net\/it\/termini-e-condizioni\/","name":"Termini e Condizioni - I Templari","isPartOf":{"@id":"http:\/\/www.ristorantetemplari.net\/it\/#website"},"datePublished":"2014-10-27T14:29:27+00:00","dateModified":"2021-10-04T17:00:46+00:00","breadcrumb":{"@id":"http:\/\/www.ristorantetemplari.net\/it\/termini-e-condizioni\/#breadcrumb"},"inLanguage":"it-IT","potentialAction":[{"@type":"ReadAction","target":["http:\/\/www.ristorantetemplari.net\/it\/termini-e-condizioni\/"]}]},{"@type":"BreadcrumbList","@id":"http:\/\/www.ristorantetemplari.net\/it\/termini-e-condizioni\/#breadcrumb","itemListElement":[{"@type":"ListItem","position":1,"name":"Home","item":"http:\/\/www.ristorantetemplari.net\/it\/"},{"@type":"ListItem","position":2,"name":"Termini e Condizioni"}]},{"@type":"WebSite","@id":"http:\/\/www.ristorantetemplari.net\/it\/#website","url":"http:\/\/www.ristorantetemplari.net\/it\/","name":"I Templari","description":"L&#039;arte del cibo","potentialAction":[{"@type":"SearchAction","target":{"@type":"EntryPoint","urlTemplate":"http:\/\/www.ristorantetemplari.net\/it\/?s={search_term_string}"},"query-input":{"@type":"PropertyValueSpecification","valueRequired":true,"valueName":"search_term_string"}}],"inLanguage":"it-IT"}]}},"_links":{"self":[{"href":"http:\/\/www.ristorantetemplari.net\/it\/wp-json\/wp\/v2\/pages\/104","targetHints":{"allow":["GET"]}}],"collection":[{"href":"http:\/\/www.ristorantetemplari.net\/it\/wp-json\/wp\/v2\/pages"}],"about":[{"href":"http:\/\/www.ristorantetemplari.net\/it\/wp-json\/wp\/v2\/types\/page"}],"author":[{"embeddable":true,"href":"http:\/\/www.ristorantetemplari.net\/it\/wp-json\/wp\/v2\/users\/1"}],"replies":[{"embeddable":true,"href":"http:\/\/www.ristorantetemplari.net\/it\/wp-json\/wp\/v2\/comments?post=104"}],"version-history":[{"count":2,"href":"http:\/\/www.ristorantetemplari.net\/it\/wp-json\/wp\/v2\/pages\/104\/revisions"}],"predecessor-version":[{"id":262,"href":"http:\/\/www.ristorantetemplari.net\/it\/wp-json\/wp\/v2\/pages\/104\/revisions\/262"}],"wp:attachment":[{"href":"http:\/\/www.ristorantetemplari.net\/it\/wp-json\/wp\/v2\/media?parent=104"}],"curies":[{"name":"wp","href":"https:\/\/api.w.org\/{rel}","templated":true}]}}